{"id":343,"date":"2013-08-23T10:55:40","date_gmt":"2013-08-23T08:55:40","guid":{"rendered":"http:\/\/www.naturparkmagazin.de\/userblog\/?page_id=343"},"modified":"2014-05-14T11:01:04","modified_gmt":"2014-05-14T09:01:04","slug":"foto-einschicken","status":"publish","type":"page","link":"https:\/\/www.naturparkmagazin.de\/userblog\/foto-einschicken\/","title":{"rendered":"Foto einschicken"},"content":{"rendered":"<p>Werden Sie Teil der Community des <a href=\"https:\/\/www.naturparkmagazin.de\/\" target=\"_blank\">Naturparkmagazins<\/a> und bewerben Sie sich mit Ihrem Foto auf einen Platz im &#8222;<a href=\"https:\/\/www.naturparkmagazin.de\/bild-des-tages \" target=\"_blank\">Bild des Tages<\/a>&#8220; !<\/p>\n<p><span style=\"text-decoration: underline;\">Was Sie daf\u00fcr tun m\u00fcssen, in kurzen Schritten erkl\u00e4rt:<\/span><\/p>\n<ul>\n<li>Registrieren Sie sich bei dem \u00fcberregionalen <a href=\"http:\/\/www.naturparkfotos.de\/users\/new\" target=\"_blank\">Naturpark-Fotoportal<\/a><\/li>\n<li>Laden Sie Ihr Naturpark-Foto im Fotoportal hoch<\/li>\n<li>Senden Sie uns den Link zu Ihrem Bild \u00fcber folgendes Kontaktformular:<\/li>\n<\/ul>\n<p>&nbsp;<\/p>\n<script type=\"text\/javascript\">var gform;gform||(document.addEventListener(\"gform_main_scripts_loaded\",function(){gform.scriptsLoaded=!0}),window.addEventListener(\"DOMContentLoaded\",function(){gform.domLoaded=!0}),gform={domLoaded:!1,scriptsLoaded:!1,initializeOnLoaded:function(o){gform.domLoaded&&gform.scriptsLoaded?o():!gform.domLoaded&&gform.scriptsLoaded?window.addEventListener(\"DOMContentLoaded\",o):document.addEventListener(\"gform_main_scripts_loaded\",o)},hooks:{action:{},filter:{}},addAction:function(o,n,r,t){gform.addHook(\"action\",o,n,r,t)},addFilter:function(o,n,r,t){gform.addHook(\"filter\",o,n,r,t)},doAction:function(o){gform.doHook(\"action\",o,arguments)},applyFilters:function(o){return gform.doHook(\"filter\",o,arguments)},removeAction:function(o,n){gform.removeHook(\"action\",o,n)},removeFilter:function(o,n,r){gform.removeHook(\"filter\",o,n,r)},addHook:function(o,n,r,t,i){null==gform.hooks[o][n]&&(gform.hooks[o][n]=[]);var e=gform.hooks[o][n];null==i&&(i=n+\"_\"+e.length),gform.hooks[o][n].push({tag:i,callable:r,priority:t=null==t?10:t})},doHook:function(n,o,r){var t;if(r=Array.prototype.slice.call(r,1),null!=gform.hooks[n][o]&&((o=gform.hooks[n][o]).sort(function(o,n){return o.priority-n.priority}),o.forEach(function(o){\"function\"!=typeof(t=o.callable)&&(t=window[t]),\"action\"==n?t.apply(null,r):r[0]=t.apply(null,r)})),\"filter\"==n)return r[0]},removeHook:function(o,n,t,i){var r;null!=gform.hooks[o][n]&&(r=(r=gform.hooks[o][n]).filter(function(o,n,r){return!!(null!=i&&i!=o.tag||null!=t&&t!=o.priority)}),gform.hooks[o][n]=r)}});<\/script>\n                <div class='gf_browser_gecko gform_wrapper gform_legacy_markup_wrapper' id='gform_wrapper_5' ><form method='post' enctype='multipart\/form-data'  id='gform_5'  action='\/userblog\/wp-json\/wp\/v2\/pages\/343' >\n                        <div class='gform_body gform-body'><ul id='gform_fields_5' class='gform_fields top_label form_sublabel_below description_below'><li id=\"field_5_6\"  class=\"gfield gfield_contains_required field_sublabel_below field_description_below gfield_visibility_visible\"  data-js-reload=\"field_5_6\"><label class='gfield_label gfield_label_before_complex'  >Name<span class=\"gfield_required\"><span class=\"gfield_required gfield_required_asterisk\">*<\/span><\/span><\/label><div class='ginput_complex ginput_container no_prefix has_first_name no_middle_name has_last_name no_suffix gf_name_has_2 ginput_container_name' id='input_5_6'>\n                            <span id='input_5_6_3_container' class='name_first' >\n                                                    <input type='text' name='input_6.3' id='input_5_6_3' value=''   aria-required='true'    {\/>\n                                                    <label for='input_5_6_3' >Vorname<\/label>\n                                               <\/span>\n                            <span id='input_5_6_6_container' class='name_last' >\n                                                    <input type='text' name='input_6.6' id='input_5_6_6' value=''   aria-required='true'    \/>\n                                                    <label for='input_5_6_6' >Nachname<\/label>\n                                                <\/span>\n                            <div class='gf_clear gf_clear_complex'><\/div>\n                        <\/div><\/li><li id=\"field_5_7\"  class=\"gfield gfield_contains_required field_sublabel_below field_description_below gfield_visibility_visible\"  data-js-reload=\"field_5_7\"><label class='gfield_label' for='input_5_7' >E-Mail<span class=\"gfield_required\"><span class=\"gfield_required gfield_required_asterisk\">*<\/span><\/span><\/label><div class='ginput_container ginput_container_email'>\n                            <input name='input_7' id='input_5_7' type='text' value='' class='medium'    aria-required=\"true\" aria-invalid=\"false\"  \/>\n                        <\/div><\/li><li id=\"field_5_8\"  class=\"gfield gfield_contains_required field_sublabel_below field_description_below gfield_visibility_visible\"  data-js-reload=\"field_5_8\"><label class='gfield_label' for='input_5_8' >Link zu Ihrem Bild auf Naturparkfotos.de<span class=\"gfield_required\"><span class=\"gfield_required gfield_required_asterisk\">*<\/span><\/span><\/label><div class='ginput_container ginput_container_textarea'><textarea name='input_8' id='input_5_8' class='textarea medium'     aria-required=\"true\" aria-invalid=\"false\"   rows='10' cols='50'><\/textarea><\/div><\/li><li id=\"field_5_9\"  class=\"gfield gfield_contains_required field_sublabel_below field_description_below gfield_visibility_visible\"  data-js-reload=\"field_5_9\"><label class='gfield_label gfield_label_before_complex'  >Ich m\u00f6chte, dass mein Bild im &quot;Bild des Tages&quot; erscheint<span class=\"gfield_required\"><span class=\"gfield_required gfield_required_asterisk\">*<\/span><\/span><\/label><div class='ginput_container ginput_container_checkbox'><ul class='gfield_checkbox' id='input_5_9'><li class='gchoice gchoice_5_9_1'>\n\t\t\t\t\t\t\t\t<input class='gfield-choice-input' name='input_9.1' type='checkbox'  value='Ja'  id='choice_5_9_1'   \/>\n\t\t\t\t\t\t\t\t<label for='choice_5_9_1' id='label_5_9_1'>Ja<\/label>\n\t\t\t\t\t\t\t<\/li><\/ul><\/div><\/li><\/ul><\/div>\n        <div class='gform_footer top_label'> <input type='submit' id='gform_submit_button_5' class='gform_button button' value='Absenden'  onclick='if(window[\"gf_submitting_5\"]){return false;}  window[\"gf_submitting_5\"]=true;  ' onkeypress='if( event.keyCode == 13 ){ if(window[\"gf_submitting_5\"]){return false;} window[\"gf_submitting_5\"]=true;  jQuery(\"#gform_5\").trigger(\"submit\",[true]); }' \/> \n            <input type='hidden' class='gform_hidden' name='is_submit_5' value='1' \/>\n            <input type='hidden' class='gform_hidden' name='gform_submit' value='5' \/>\n            \n            <input type='hidden' class='gform_hidden' name='gform_unique_id' value='' \/>\n            <input type='hidden' class='gform_hidden' name='state_5' value='WyJbXSIsImEyYWM3ODgwYTc4MDE5MzE2NmViYWQ2ZTAwN2U2YTkyIl0=' \/>\n            <input type='hidden' class='gform_hidden' name='gform_target_page_number_5' id='gform_target_page_number_5' value='0' \/>\n            <input type='hidden' class='gform_hidden' name='gform_source_page_number_5' id='gform_source_page_number_5' value='1' \/>\n            <input type='hidden' name='gform_field_values' value='' \/>\n            \n        <\/div>\n                        <\/form>\n                        <\/div>\n","protected":false},"excerpt":{"rendered":"<p>Werden Sie Teil der Community des Naturparkmagazins und bewerben Sie sich mit Ihrem Foto auf einen Platz im &#8222;Bild des Tages&#8220; ! Was Sie daf\u00fcr tun m\u00fcssen, in kurzen Schritten erkl\u00e4rt: Registrieren Sie sich bei dem \u00fcberregionalen Naturpark-Fotoportal Laden Sie Ihr Naturpark-Foto im Fotoportal hoch Senden Sie uns den Link zu Ihrem Bild \u00fcber folgendes<\/p>\n","protected":false},"author":1,"featured_media":0,"parent":0,"menu_order":0,"comment_status":"closed","ping_status":"closed","template":"","meta":[],"yoast_head":"<!-- This site is optimized with the Yoast SEO plugin v19.10 - https:\/\/yoast.com\/wordpress\/plugins\/seo\/ -->\n<title>Foto einschicken - Userblog<\/title>\n<meta name=\"robots\" content=\"index, follow, max-snippet:-1, max-image-preview:large, max-video-preview:-1\" \/>\n<link rel=\"canonical\" href=\"https:\/\/www.naturparkmagazin.de\/userblog\/foto-einschicken\/\" \/>\n<meta property=\"og:locale\" content=\"de_DE\" \/>\n<meta property=\"og:type\" content=\"article\" \/>\n<meta property=\"og:title\" content=\"Foto einschicken - Userblog\" \/>\n<meta property=\"og:description\" content=\"Werden Sie Teil der Community des Naturparkmagazins und bewerben Sie sich mit Ihrem Foto auf einen Platz im &#8222;Bild des Tages&#8220; ! Was Sie daf\u00fcr tun m\u00fcssen, in kurzen Schritten erkl\u00e4rt: Registrieren Sie sich bei dem \u00fcberregionalen Naturpark-Fotoportal Laden Sie Ihr Naturpark-Foto im Fotoportal hoch Senden Sie uns den Link zu Ihrem Bild \u00fcber folgendes\" \/>\n<meta property=\"og:url\" content=\"https:\/\/www.naturparkmagazin.de\/userblog\/foto-einschicken\/\" \/>\n<meta property=\"og:site_name\" content=\"Userblog\" \/>\n<meta property=\"article:modified_time\" content=\"2014-05-14T09:01:04+00:00\" \/>\n<meta name=\"twitter:card\" content=\"summary_large_image\" \/>\n<script type=\"application\/ld+json\" class=\"yoast-schema-graph\">{\"@context\":\"https:\/\/schema.org\",\"@graph\":[{\"@type\":\"WebPage\",\"@id\":\"https:\/\/www.naturparkmagazin.de\/userblog\/foto-einschicken\/\",\"url\":\"https:\/\/www.naturparkmagazin.de\/userblog\/foto-einschicken\/\",\"name\":\"Foto einschicken - Userblog\",\"isPartOf\":{\"@id\":\"https:\/\/www.naturparkmagazin.de\/userblog\/#website\"},\"datePublished\":\"2013-08-23T08:55:40+00:00\",\"dateModified\":\"2014-05-14T09:01:04+00:00\",\"breadcrumb\":{\"@id\":\"https:\/\/www.naturparkmagazin.de\/userblog\/foto-einschicken\/#breadcrumb\"},\"inLanguage\":\"de\",\"potentialAction\":[{\"@type\":\"ReadAction\",\"target\":[\"https:\/\/www.naturparkmagazin.de\/userblog\/foto-einschicken\/\"]}]},{\"@type\":\"BreadcrumbList\",\"@id\":\"https:\/\/www.naturparkmagazin.de\/userblog\/foto-einschicken\/#breadcrumb\",\"itemListElement\":[{\"@type\":\"ListItem\",\"position\":1,\"name\":\"Home\",\"item\":\"https:\/\/www.naturparkmagazin.de\/userblog\/\"},{\"@type\":\"ListItem\",\"position\":2,\"name\":\"Foto einschicken\"}]},{\"@type\":\"WebSite\",\"@id\":\"https:\/\/www.naturparkmagazin.de\/userblog\/#website\",\"url\":\"https:\/\/www.naturparkmagazin.de\/userblog\/\",\"name\":\"Userblog\",\"description\":\"\",\"potentialAction\":[{\"@type\":\"SearchAction\",\"target\":{\"@type\":\"EntryPoint\",\"urlTemplate\":\"https:\/\/www.naturparkmagazin.de\/userblog\/?s={search_term_string}\"},\"query-input\":\"required name=search_term_string\"}],\"inLanguage\":\"de\"}]}<\/script>\n<!-- \/ Yoast SEO plugin. -->","yoast_head_json":{"title":"Foto einschicken - Userblog","robots":{"index":"index","follow":"follow","max-snippet":"max-snippet:-1","max-image-preview":"max-image-preview:large","max-video-preview":"max-video-preview:-1"},"canonical":"https:\/\/www.naturparkmagazin.de\/userblog\/foto-einschicken\/","og_locale":"de_DE","og_type":"article","og_title":"Foto einschicken - Userblog","og_description":"Werden Sie Teil der Community des Naturparkmagazins und bewerben Sie sich mit Ihrem Foto auf einen Platz im &#8222;Bild des Tages&#8220; ! Was Sie daf\u00fcr tun m\u00fcssen, in kurzen Schritten erkl\u00e4rt: Registrieren Sie sich bei dem \u00fcberregionalen Naturpark-Fotoportal Laden Sie Ihr Naturpark-Foto im Fotoportal hoch Senden Sie uns den Link zu Ihrem Bild \u00fcber folgendes","og_url":"https:\/\/www.naturparkmagazin.de\/userblog\/foto-einschicken\/","og_site_name":"Userblog","article_modified_time":"2014-05-14T09:01:04+00:00","twitter_card":"summary_large_image","schema":{"@context":"https:\/\/schema.org","@graph":[{"@type":"WebPage","@id":"https:\/\/www.naturparkmagazin.de\/userblog\/foto-einschicken\/","url":"https:\/\/www.naturparkmagazin.de\/userblog\/foto-einschicken\/","name":"Foto einschicken - Userblog","isPartOf":{"@id":"https:\/\/www.naturparkmagazin.de\/userblog\/#website"},"datePublished":"2013-08-23T08:55:40+00:00","dateModified":"2014-05-14T09:01:04+00:00","breadcrumb":{"@id":"https:\/\/www.naturparkmagazin.de\/userblog\/foto-einschicken\/#breadcrumb"},"inLanguage":"de","potentialAction":[{"@type":"ReadAction","target":["https:\/\/www.naturparkmagazin.de\/userblog\/foto-einschicken\/"]}]},{"@type":"BreadcrumbList","@id":"https:\/\/www.naturparkmagazin.de\/userblog\/foto-einschicken\/#breadcrumb","itemListElement":[{"@type":"ListItem","position":1,"name":"Home","item":"https:\/\/www.naturparkmagazin.de\/userblog\/"},{"@type":"ListItem","position":2,"name":"Foto einschicken"}]},{"@type":"WebSite","@id":"https:\/\/www.naturparkmagazin.de\/userblog\/#website","url":"https:\/\/www.naturparkmagazin.de\/userblog\/","name":"Userblog","description":"","potentialAction":[{"@type":"SearchAction","target":{"@type":"EntryPoint","urlTemplate":"https:\/\/www.naturparkmagazin.de\/userblog\/?s={search_term_string}"},"query-input":"required name=search_term_string"}],"inLanguage":"de"}]}},"_links":{"self":[{"href":"https:\/\/www.naturparkmagazin.de\/userblog\/wp-json\/wp\/v2\/pages\/343"}],"collection":[{"href":"https:\/\/www.naturparkmagazin.de\/userblog\/wp-json\/wp\/v2\/pages"}],"about":[{"href":"https:\/\/www.naturparkmagazin.de\/userblog\/wp-json\/wp\/v2\/types\/page"}],"author":[{"embeddable":true,"href":"https:\/\/www.naturparkmagazin.de\/userblog\/wp-json\/wp\/v2\/users\/1"}],"replies":[{"embeddable":true,"href":"https:\/\/www.naturparkmagazin.de\/userblog\/wp-json\/wp\/v2\/comments?post=343"}],"version-history":[{"count":2,"href":"https:\/\/www.naturparkmagazin.de\/userblog\/wp-json\/wp\/v2\/pages\/343\/revisions"}],"predecessor-version":[{"id":346,"href":"https:\/\/www.naturparkmagazin.de\/userblog\/wp-json\/wp\/v2\/pages\/343\/revisions\/346"}],"wp:attachment":[{"href":"https:\/\/www.naturparkmagazin.de\/userblog\/wp-json\/wp\/v2\/media?parent=343"}],"curies":[{"name":"wp","href":"https:\/\/api.w.org\/{rel}","templated":true}]}}